{"id":267,"date":"2025-07-24T02:19:36","date_gmt":"2025-07-24T02:19:36","guid":{"rendered":"https:\/\/cidihca.press\/?page_id=267"},"modified":"2025-08-01T05:16:04","modified_gmt":"2025-08-01T09:16:04","slug":"references","status":"publish","type":"page","link":"https:\/\/cidihca.press\/?page_id=267","title":{"rendered":"R\u00e9f\u00e9rences"},"content":{"rendered":"<p style=\"text-align: left;\"><strong><span style=\"color: #000000;\">Biblioth\u00e8ques<\/span><\/strong><\/p>\n<ul>\n<li><a href=\"https:\/\/dloc.com\/fr\/collections\/icidihca\">Digital Library of the Caribean<\/a><\/li>\n<li><a href=\"https:\/\/www.caribbeanstudiesassociation.org\/haitian-history-journal-haiti-and-the-atlantic-world\/\">Caribbean Studies Association<\/a><\/li>\n<li><a href=\"https:\/\/konbit.haitianstudies.org\/resource\/cidihca-2\/\">Konbit Pataje Konesans<\/a><\/li>\n<li><a href=\"https:\/\/www.cidihcafrance.com\/sciences-humaines\/\">CIDIHCA France<\/a><\/li>\n<\/ul>\n<p><strong>Cit\u00e9e<\/strong><\/p>\n<ul>\n<li><a href=\"https:\/\/ville.montreal.qc.ca\/memoiresdesmontrealais\/centre-international-de-documentation-et-dinformation-haitienne-caribeenne-et-afro-canadienne\">Ville de Montr\u00e9al<\/a><\/li>\n<\/ul>\n<p><strong>Organes<\/strong><\/p>\n<ul>\n<li><a href=\"https:\/\/histoireengagee.ca\/survol-de-perspectives-entrevue-avec-frantz-voltaire\/\"><strong>Histoire engag\u00e9e<\/strong><\/a><\/li>\n<\/ul>\n<p><strong>Universit\u00e9<\/strong><\/p>\n<ul>\n<li><a href=\"https:\/\/classiques.uqam.ca\/contemporains\/Voltaire_Frantz\/Voltaire_Frantz.html\">UQAM<\/a><\/li>\n<li>Duke University<\/li>\n<\/ul>\n<p><strong>Diplomatie<\/strong><\/p>\n<ul>\n<li><a href=\"https:\/\/ambassade-haiti.ca\/hommage2021\/cidihca\/\">Ambassade d&rsquo;Ha\u00efti \u00e0 Ottawa<\/a><\/li>\n<\/ul>\n<p>&nbsp;<\/p>\n<blockquote class=\"wp-embedded-content\" data-secret=\"dryto37psa\"><p><a href=\"https:\/\/ambassade-haiti.ca\/hommage2021\/cidihca\/\">Centre international de documentation et d\u2019information ha\u00eftienne, carib\u00e9enne et afro-canadienne (CIDIHCA)<\/a><\/p><\/blockquote>\n<p><iframe loading=\"lazy\" class=\"wp-embedded-content\" sandbox=\"allow-scripts\" security=\"restricted\" style=\"position: absolute; visibility: hidden;\" title=\"\u00ab\u00a0Centre international de documentation et d\u2019information ha\u00eftienne, carib\u00e9enne et afro-canadienne (CIDIHCA)\u00a0\u00bb &#8212; Ambassade \/ Anbasad\" src=\"https:\/\/ambassade-haiti.ca\/hommage2021\/cidihca\/embed\/#?secret=eiXzhmEGUw#?secret=dryto37psa\" data-secret=\"dryto37psa\" width=\"500\" height=\"282\" frameborder=\"0\" marginwidth=\"0\" marginheight=\"0\" scrolling=\"no\"><\/iframe><\/p>\n","protected":false},"excerpt":{"rendered":"<p>Biblioth\u00e8ques Digital Library of the Caribean Caribbean Studies Association Konbit Pataje Konesans CIDIHCA France Cit\u00e9e Ville de Montr\u00e9al Organes Histoire engag\u00e9e Universit\u00e9 UQAM Duke University Diplomatie Ambassade d&rsquo;Ha\u00efti \u00e0 Ottawa &nbsp; Centre international de documentation et d\u2019information ha\u00eftienne, carib\u00e9enne et afro-canadienne (CIDIHCA)<\/p>\n","protected":false},"author":1,"featured_media":0,"parent":265,"menu_order":0,"comment_status":"closed","ping_status":"closed","template":"","meta":{"footnotes":""},"class_list":["post-267","page","type-page","status-publish","hentry"],"_links":{"self":[{"href":"https:\/\/cidihca.press\/index.php?rest_route=\/wp\/v2\/pages\/267","targetHints":{"allow":["GET"]}}],"collection":[{"href":"https:\/\/cidihca.press\/index.php?rest_route=\/wp\/v2\/pages"}],"about":[{"href":"https:\/\/cidihca.press\/index.php?rest_route=\/wp\/v2\/types\/page"}],"author":[{"embeddable":true,"href":"https:\/\/cidihca.press\/index.php?rest_route=\/wp\/v2\/users\/1"}],"replies":[{"embeddable":true,"href":"https:\/\/cidihca.press\/index.php?rest_route=%2Fwp%2Fv2%2Fcomments&post=267"}],"version-history":[{"count":9,"href":"https:\/\/cidihca.press\/index.php?rest_route=\/wp\/v2\/pages\/267\/revisions"}],"predecessor-version":[{"id":301,"href":"https:\/\/cidihca.press\/index.php?rest_route=\/wp\/v2\/pages\/267\/revisions\/301"}],"up":[{"embeddable":true,"href":"https:\/\/cidihca.press\/index.php?rest_route=\/wp\/v2\/pages\/265"}],"wp:attachment":[{"href":"https:\/\/cidihca.press\/index.php?rest_route=%2Fwp%2Fv2%2Fmedia&parent=267"}],"curies":[{"name":"wp","href":"https:\/\/api.w.org\/{rel}","templated":true}]}}