{"id":2,"date":"2025-06-27T10:33:09","date_gmt":"2025-06-27T10:33:09","guid":{"rendered":"https:\/\/cidihca.press\/?page_id=2"},"modified":"2025-06-29T11:23:20","modified_gmt":"2025-06-29T11:23:20","slug":"sample-page","status":"publish","type":"page","link":"https:\/\/cidihca.press\/?page_id=2","title":{"rendered":"D\u00e9finition"},"content":{"rendered":"\r\n<p style=\"text-align: left;\"><span style=\"color: #000000;\">Le CIDIHCA est situ\u00e9 en plein c\u0153ur de Montr\u00e9al, sur la rue Sainte-H\u00e9l\u00e8ne (430, bureau 401), dans le Vieux-Montr\u00e9al (entre le Vieux-Port et Viger). L&rsquo;espace Galerie est au 405, et les archives de cin\u00e9ma, \u00e0 l&rsquo;entr\u00e9e au sous-sol.<\/span><\/p>\r\n<ul>\r\n<li style=\"text-align: left;\"><span style=\"color: #000000;\">Le t\u00e9l\u00e9phone est : (514) 845-0880<\/span><\/li>\r\n<li style=\"text-align: left;\"><span style=\"color: #000000;\">430 Sainte-H\u00e9l\u00e8ne<\/span><\/li>\r\n<li style=\"text-align: left;\"><span style=\"color: #000000;\">QC CANADA H2Y 2K7<\/span><\/li>\r\n<li style=\"text-align: left;\"><span style=\"color: #000000;\"> infocidihca@gmail.com<\/span><\/li>\r\n<li style=\"text-align: left;\"><span style=\"color: #000000;\">https:\/\/cidihca.com<\/span><\/li>\r\n<\/ul>\r\n<p>Le CIDIHCA est un centre de documentation<\/p>\r\n","protected":false},"excerpt":{"rendered":"<p>Le CIDIHCA est situ\u00e9 en plein c\u0153ur de Montr\u00e9al, sur la rue Sainte-H\u00e9l\u00e8ne (430, bureau 401), dans le Vieux-Montr\u00e9al (entre le Vieux-Port et Viger). L&rsquo;espace Galerie est au 405, et les archives de cin\u00e9ma, \u00e0 l&rsquo;entr\u00e9e au sous-sol. Le t\u00e9l\u00e9phone est : (514) 845-0880 430 Sainte-H\u00e9l\u00e8ne QC CANADA H2Y 2K7 infocidihca@gmail.com https:\/\/cidihca.com Le CIDIHCA est un centre de documentation<\/p>\n","protected":false},"author":1,"featured_media":0,"parent":0,"menu_order":0,"comment_status":"closed","ping_status":"open","template":"","meta":{"footnotes":""},"class_list":["post-2","page","type-page","status-publish","hentry"],"_links":{"self":[{"href":"https:\/\/cidihca.press\/index.php?rest_route=\/wp\/v2\/pages\/2","targetHints":{"allow":["GET"]}}],"collection":[{"href":"https:\/\/cidihca.press\/index.php?rest_route=\/wp\/v2\/pages"}],"about":[{"href":"https:\/\/cidihca.press\/index.php?rest_route=\/wp\/v2\/types\/page"}],"author":[{"embeddable":true,"href":"https:\/\/cidihca.press\/index.php?rest_route=\/wp\/v2\/users\/1"}],"replies":[{"embeddable":true,"href":"https:\/\/cidihca.press\/index.php?rest_route=%2Fwp%2Fv2%2Fcomments&post=2"}],"version-history":[{"count":2,"href":"https:\/\/cidihca.press\/index.php?rest_route=\/wp\/v2\/pages\/2\/revisions"}],"predecessor-version":[{"id":31,"href":"https:\/\/cidihca.press\/index.php?rest_route=\/wp\/v2\/pages\/2\/revisions\/31"}],"wp:attachment":[{"href":"https:\/\/cidihca.press\/index.php?rest_route=%2Fwp%2Fv2%2Fmedia&parent=2"}],"curies":[{"name":"wp","href":"https:\/\/api.w.org\/{rel}","templated":true}]}}